{"id":133,"date":"2024-01-07T21:07:10","date_gmt":"2024-01-07T20:07:10","guid":{"rendered":"https:\/\/www.keiserfitness.ch\/produkt\/a250-abdominal\/"},"modified":"2024-01-16T17:01:38","modified_gmt":"2024-01-16T16:01:38","slug":"a250-abdominal","status":"publish","type":"product","link":"https:\/\/www.keiserfitness.ch\/en\/produkt\/a250-abdominal\/","title":{"rendered":"A250 Abdominal"},"content":{"rendered":"<p>Da die direkte Basis der St\u00fctze des Oberk\u00f6rpers der Rumpf ist, sind starke, schnelle und kraftvolle Bauchmuskeln entscheidend f\u00fcr die Leistung des Oberk\u00f6rpers. Das Design und die Technik von Keiser heben diese Maschine hervor. Im Gegensatz zu herk\u00f6mmlichen Maschinen, die Gewichtsscheiben verwenden, bietet das A250 Abdominal mit seinem niedriginertialen Design einen sanften Widerstand. Dies kann helfen, Gelenke und Bindegewebe vor Sto\u00dfbelastungen zu sch\u00fctzen. Das Ergebnis ist ein Training, wie es sonst nirgendwo auf dem Markt zu finden ist. Und es ist perfekt f\u00fcr Menschen jeden Fitnesslevels &#8211; von \u00e4lteren Erwachsenen bis zu Eliteathleten.<\/p>\n","protected":false},"excerpt":{"rendered":"<p>Da die direkte Basis der St\u00fctze des Oberk\u00f6rpers der Rumpf ist, sind starke, schnelle und kraftvolle Bauchmuskeln entscheidend f\u00fcr die Leistung des Oberk\u00f6rpers. Das Design und die Technik von Keiser&hellip;<\/p>\n","protected":false},"featured_media":736,"comment_status":"open","ping_status":"closed","template":"","meta":{"_acf_changed":false},"product_brand":[],"product_cat":[16],"product_tag":[],"class_list":{"0":"post-133","1":"product","2":"type-product","3":"status-publish","4":"has-post-thumbnail","6":"product_cat-unkategorisiert","8":"first","9":"instock","10":"shipping-taxable","11":"purchasable","12":"product-type-simple"},"acf":[],"_links":{"self":[{"href":"https:\/\/www.keiserfitness.ch\/en\/wp-json\/wp\/v2\/product\/133","targetHints":{"allow":["GET"]}}],"collection":[{"href":"https:\/\/www.keiserfitness.ch\/en\/wp-json\/wp\/v2\/product"}],"about":[{"href":"https:\/\/www.keiserfitness.ch\/en\/wp-json\/wp\/v2\/types\/product"}],"replies":[{"embeddable":true,"href":"https:\/\/www.keiserfitness.ch\/en\/wp-json\/wp\/v2\/comments?post=133"}],"wp:featuredmedia":[{"embeddable":true,"href":"https:\/\/www.keiserfitness.ch\/en\/wp-json\/wp\/v2\/media\/736"}],"wp:attachment":[{"href":"https:\/\/www.keiserfitness.ch\/en\/wp-json\/wp\/v2\/media?parent=133"}],"wp:term":[{"taxonomy":"product_brand","embeddable":true,"href":"https:\/\/www.keiserfitness.ch\/en\/wp-json\/wp\/v2\/product_brand?post=133"},{"taxonomy":"product_cat","embeddable":true,"href":"https:\/\/www.keiserfitness.ch\/en\/wp-json\/wp\/v2\/product_cat?post=133"},{"taxonomy":"product_tag","embeddable":true,"href":"https:\/\/www.keiserfitness.ch\/en\/wp-json\/wp\/v2\/product_tag?post=133"}],"curies":[{"name":"wp","href":"https:\/\/api.w.org\/{rel}","templated":true}]}}