{"id":146,"date":"2024-01-07T22:45:08","date_gmt":"2024-01-07T21:45:08","guid":{"rendered":"https:\/\/www.keiserfitness.ch\/produkt\/force-machine\/"},"modified":"2024-01-16T16:28:26","modified_gmt":"2024-01-16T15:28:26","slug":"force-machine","status":"publish","type":"product","link":"https:\/\/www.keiserfitness.ch\/en\/produkt\/force-machine\/","title":{"rendered":"Force Machine"},"content":{"rendered":"<p>Die Keiser Force Machine wurde urspr\u00fcnglich f\u00fcr die Firefighter Combat Challenge\u00ae entworfen, um die Hackbewegung, die beim Feuerl\u00f6schen verwendet wird, zu simulieren. Sie verwendet dieselbe Kinematik und Ergonomie wie beim Umgang mit einer Axt, mit dem Vorteil eines sichereren und ressourcenfreien Trainings- und Konditionierungs\u00fcbungen. Sie ist ein effizientes und langlebiges Mittel zur Ausbildung und Pr\u00fcfung von Einsatzkr\u00e4ften des Rettungsdienstes, die in ihrem Beruf \u00c4xte und Vorschlagh\u00e4mmer verwenden.<\/p>\n","protected":false},"excerpt":{"rendered":"<p>Die Keiser Force Machine wurde urspr\u00fcnglich f\u00fcr die Firefighter Combat Challenge\u00ae entworfen, um die Hackbewegung, die beim Feuerl\u00f6schen verwendet wird, zu simulieren. Sie verwendet dieselbe Kinematik und Ergonomie wie beim&hellip;<\/p>\n","protected":false},"featured_media":368,"comment_status":"open","ping_status":"closed","template":"","meta":{"_acf_changed":false},"product_brand":[],"product_cat":[31],"product_tag":[],"class_list":{"0":"post-146","1":"product","2":"type-product","3":"status-publish","4":"has-post-thumbnail","6":"product_cat-specialty-equipment","8":"first","9":"instock","10":"shipping-taxable","11":"purchasable","12":"product-type-simple"},"acf":[],"_links":{"self":[{"href":"https:\/\/www.keiserfitness.ch\/en\/wp-json\/wp\/v2\/product\/146","targetHints":{"allow":["GET"]}}],"collection":[{"href":"https:\/\/www.keiserfitness.ch\/en\/wp-json\/wp\/v2\/product"}],"about":[{"href":"https:\/\/www.keiserfitness.ch\/en\/wp-json\/wp\/v2\/types\/product"}],"replies":[{"embeddable":true,"href":"https:\/\/www.keiserfitness.ch\/en\/wp-json\/wp\/v2\/comments?post=146"}],"wp:featuredmedia":[{"embeddable":true,"href":"https:\/\/www.keiserfitness.ch\/en\/wp-json\/wp\/v2\/media\/368"}],"wp:attachment":[{"href":"https:\/\/www.keiserfitness.ch\/en\/wp-json\/wp\/v2\/media?parent=146"}],"wp:term":[{"taxonomy":"product_brand","embeddable":true,"href":"https:\/\/www.keiserfitness.ch\/en\/wp-json\/wp\/v2\/product_brand?post=146"},{"taxonomy":"product_cat","embeddable":true,"href":"https:\/\/www.keiserfitness.ch\/en\/wp-json\/wp\/v2\/product_cat?post=146"},{"taxonomy":"product_tag","embeddable":true,"href":"https:\/\/www.keiserfitness.ch\/en\/wp-json\/wp\/v2\/product_tag?post=146"}],"curies":[{"name":"wp","href":"https:\/\/api.w.org\/{rel}","templated":true}]}}