{"id":167,"date":"2024-01-07T22:46:31","date_gmt":"2024-01-07T21:46:31","guid":{"rendered":"https:\/\/www.keiserfitness.ch\/produkt\/performance-trainer\/"},"modified":"2024-07-19T12:02:22","modified_gmt":"2024-07-19T10:02:22","slug":"performance-trainer","status":"publish","type":"product","link":"https:\/\/www.keiserfitness.ch\/en\/produkt\/performance-trainer\/","title":{"rendered":"Performance Trainer"},"content":{"rendered":"<p>Der Performance Trainer bietet alle Geschwindigkeitsvorteile des Functional Trainers, jedoch verpackt in einem verstellbaren Hoch-Tief-Seilzugsystem. Die Kabell\u00e4nge ist k\u00fcrzer, aber der Widerstand ist h\u00f6her. Der Performance Trainer kann an einer Wand montiert oder in unser Six-Pack integriert werden.<\/p>\n","protected":false},"excerpt":{"rendered":"<p>Der Performance Trainer bietet alle Geschwindigkeitsvorteile des Functional Trainers, jedoch verpackt in einem verstellbaren Hoch-Tief-Seilzugsystem. Die Kabell\u00e4nge ist k\u00fcrzer, aber der Widerstand ist h\u00f6her. Der Performance Trainer kann an einer&hellip;<\/p>\n","protected":false},"featured_media":442,"comment_status":"open","ping_status":"closed","template":"","meta":{"_acf_changed":false},"product_brand":[],"product_cat":[28],"product_tag":[],"class_list":{"0":"post-167","1":"product","2":"type-product","3":"status-publish","4":"has-post-thumbnail","6":"product_cat-keiser-functional","8":"first","9":"instock","10":"shipping-taxable","11":"purchasable","12":"product-type-simple"},"acf":[],"_links":{"self":[{"href":"https:\/\/www.keiserfitness.ch\/en\/wp-json\/wp\/v2\/product\/167","targetHints":{"allow":["GET"]}}],"collection":[{"href":"https:\/\/www.keiserfitness.ch\/en\/wp-json\/wp\/v2\/product"}],"about":[{"href":"https:\/\/www.keiserfitness.ch\/en\/wp-json\/wp\/v2\/types\/product"}],"replies":[{"embeddable":true,"href":"https:\/\/www.keiserfitness.ch\/en\/wp-json\/wp\/v2\/comments?post=167"}],"wp:featuredmedia":[{"embeddable":true,"href":"https:\/\/www.keiserfitness.ch\/en\/wp-json\/wp\/v2\/media\/442"}],"wp:attachment":[{"href":"https:\/\/www.keiserfitness.ch\/en\/wp-json\/wp\/v2\/media?parent=167"}],"wp:term":[{"taxonomy":"product_brand","embeddable":true,"href":"https:\/\/www.keiserfitness.ch\/en\/wp-json\/wp\/v2\/product_brand?post=167"},{"taxonomy":"product_cat","embeddable":true,"href":"https:\/\/www.keiserfitness.ch\/en\/wp-json\/wp\/v2\/product_cat?post=167"},{"taxonomy":"product_tag","embeddable":true,"href":"https:\/\/www.keiserfitness.ch\/en\/wp-json\/wp\/v2\/product_tag?post=167"}],"curies":[{"name":"wp","href":"https:\/\/api.w.org\/{rel}","templated":true}]}}