{"id":173,"date":"2024-01-07T22:46:43","date_gmt":"2024-01-07T21:46:43","guid":{"rendered":"https:\/\/www.keiserfitness.ch\/produkt\/a250-arm-curl\/"},"modified":"2024-01-16T16:36:13","modified_gmt":"2024-01-16T15:36:13","slug":"a250-arm-curl","status":"publish","type":"product","link":"https:\/\/www.keiserfitness.ch\/en\/produkt\/a250-arm-curl\/","title":{"rendered":"A250 Arm Curl"},"content":{"rendered":"<p>Der sanfte Widerstand der A250 Armbeuger-Maschine erm\u00f6glicht es Ihnen, Ihre Bizeps auf eine sicherere Weise aufzubauen. Sie erlaubt eine einfache Positionierung des Ellbogens, um ihn mit dem Drehpunkt des \u00dcbungsarms auszurichten, w\u00e4hrend sich die Griffstangen automatisch an Ihre Unterarml\u00e4nge anpassen. Die Daumenknopf-Widerstandskontrolle in jedem Griff gibt Ihnen volle Kontrolle \u00fcber Ihren Widerstand, was es Ihnen erm\u00f6glicht, pyramidisch zu trainieren und exzentrische \u00dcberlastungen durchzuf\u00fchren. Sie ist perfekt f\u00fcr Menschen jeden Fitnesslevels &#8211; von \u00e4lteren Erwachsenen bis hin zu Eliteathleten.<\/p>\n","protected":false},"excerpt":{"rendered":"<p>Der sanfte Widerstand der A250 Armbeuger-Maschine erm\u00f6glicht es Ihnen, Ihre Bizeps auf eine sicherere Weise aufzubauen. Sie erlaubt eine einfache Positionierung des Ellbogens, um ihn mit dem Drehpunkt des \u00dcbungsarms&hellip;<\/p>\n","protected":false},"featured_media":468,"comment_status":"open","ping_status":"closed","template":"","meta":{"_acf_changed":false},"product_brand":[],"product_cat":[30],"product_tag":[],"class_list":{"0":"post-173","1":"product","2":"type-product","3":"status-publish","4":"has-post-thumbnail","6":"product_cat-keiser-strength","8":"first","9":"instock","10":"shipping-taxable","11":"purchasable","12":"product-type-simple"},"acf":[],"_links":{"self":[{"href":"https:\/\/www.keiserfitness.ch\/en\/wp-json\/wp\/v2\/product\/173","targetHints":{"allow":["GET"]}}],"collection":[{"href":"https:\/\/www.keiserfitness.ch\/en\/wp-json\/wp\/v2\/product"}],"about":[{"href":"https:\/\/www.keiserfitness.ch\/en\/wp-json\/wp\/v2\/types\/product"}],"replies":[{"embeddable":true,"href":"https:\/\/www.keiserfitness.ch\/en\/wp-json\/wp\/v2\/comments?post=173"}],"wp:featuredmedia":[{"embeddable":true,"href":"https:\/\/www.keiserfitness.ch\/en\/wp-json\/wp\/v2\/media\/468"}],"wp:attachment":[{"href":"https:\/\/www.keiserfitness.ch\/en\/wp-json\/wp\/v2\/media?parent=173"}],"wp:term":[{"taxonomy":"product_brand","embeddable":true,"href":"https:\/\/www.keiserfitness.ch\/en\/wp-json\/wp\/v2\/product_brand?post=173"},{"taxonomy":"product_cat","embeddable":true,"href":"https:\/\/www.keiserfitness.ch\/en\/wp-json\/wp\/v2\/product_cat?post=173"},{"taxonomy":"product_tag","embeddable":true,"href":"https:\/\/www.keiserfitness.ch\/en\/wp-json\/wp\/v2\/product_tag?post=173"}],"curies":[{"name":"wp","href":"https:\/\/api.w.org\/{rel}","templated":true}]}}