{"id":176,"date":"2024-01-07T22:46:51","date_gmt":"2024-01-07T21:46:51","guid":{"rendered":"https:\/\/www.keiserfitness.ch\/produkt\/a250-military-press\/"},"modified":"2024-07-19T12:02:25","modified_gmt":"2024-07-19T10:02:25","slug":"a250-military-press","status":"publish","type":"product","link":"https:\/\/www.keiserfitness.ch\/en\/produkt\/a250-military-press\/","title":{"rendered":"A250 Military Press"},"content":{"rendered":"<p>Schulterpressen k\u00f6nnen f\u00fcr einige aufgrund des hohen Startgewichts bei den meisten Maschinen schwierig sein. Der niedrige Startwiderstand und der verstellbare Sitz dieser Maschine erm\u00f6glichen es fast jedem, ein Schulter\u00fcbungsprogramm zu beginnen. Im Gegensatz zu herk\u00f6mmlichen Maschinen, die Eisen verwenden, bietet das niedriginertiale Design der A250 Milit\u00e4rpresse einen sanften Widerstand. Dies kann helfen, Gelenke und Bindegewebe vor Sto\u00dfbelastungen zu sch\u00fctzen. Das Ergebnis ist ein Training, wie es sonst nirgendwo auf dem Markt zu finden ist.<\/p>\n","protected":false},"excerpt":{"rendered":"<p>Schulterpressen k\u00f6nnen f\u00fcr einige aufgrund des hohen Startgewichts bei den meisten Maschinen schwierig sein. Der niedrige Startwiderstand und der verstellbare Sitz dieser Maschine erm\u00f6glichen es fast jedem, ein Schulter\u00fcbungsprogramm zu&hellip;<\/p>\n","protected":false},"featured_media":480,"comment_status":"open","ping_status":"closed","template":"","meta":{"_acf_changed":false},"product_brand":[],"product_cat":[30],"product_tag":[],"class_list":{"0":"post-176","1":"product","2":"type-product","3":"status-publish","4":"has-post-thumbnail","6":"product_cat-keiser-strength","8":"first","9":"instock","10":"shipping-taxable","11":"purchasable","12":"product-type-simple"},"acf":[],"_links":{"self":[{"href":"https:\/\/www.keiserfitness.ch\/en\/wp-json\/wp\/v2\/product\/176","targetHints":{"allow":["GET"]}}],"collection":[{"href":"https:\/\/www.keiserfitness.ch\/en\/wp-json\/wp\/v2\/product"}],"about":[{"href":"https:\/\/www.keiserfitness.ch\/en\/wp-json\/wp\/v2\/types\/product"}],"replies":[{"embeddable":true,"href":"https:\/\/www.keiserfitness.ch\/en\/wp-json\/wp\/v2\/comments?post=176"}],"wp:featuredmedia":[{"embeddable":true,"href":"https:\/\/www.keiserfitness.ch\/en\/wp-json\/wp\/v2\/media\/480"}],"wp:attachment":[{"href":"https:\/\/www.keiserfitness.ch\/en\/wp-json\/wp\/v2\/media?parent=176"}],"wp:term":[{"taxonomy":"product_brand","embeddable":true,"href":"https:\/\/www.keiserfitness.ch\/en\/wp-json\/wp\/v2\/product_brand?post=176"},{"taxonomy":"product_cat","embeddable":true,"href":"https:\/\/www.keiserfitness.ch\/en\/wp-json\/wp\/v2\/product_cat?post=176"},{"taxonomy":"product_tag","embeddable":true,"href":"https:\/\/www.keiserfitness.ch\/en\/wp-json\/wp\/v2\/product_tag?post=176"}],"curies":[{"name":"wp","href":"https:\/\/api.w.org\/{rel}","templated":true}]}}