{"id":179,"date":"2024-01-07T22:47:02","date_gmt":"2024-01-07T21:47:02","guid":{"rendered":"https:\/\/www.keiserfitness.ch\/produkt\/a300-chest-press-pro\/"},"modified":"2024-01-16T16:38:17","modified_gmt":"2024-01-16T15:38:17","slug":"a300-chest-press-pro","status":"publish","type":"product","link":"https:\/\/www.keiserfitness.ch\/en\/produkt\/a300-chest-press-pro\/","title":{"rendered":"A300 Chest Press Pro"},"content":{"rendered":"<p>F\u00fcr diejenigen, die an kraftvollem Widerstand interessiert sind, suchen Sie nicht weiter. Diese Maschine nutzt Keisers innovative Technik, um bis zu 272,2 kg Widerstand zu bieten. Sie ist ideal f\u00fcr Athleten auf Elite-Niveau und f\u00fcr exzentrische \u00dcberlastung. Im Gegensatz zu herk\u00f6mmlichen Maschinen, die Eisen verwenden, bietet das niedriginertiale Design der A300 Brustpresse Pro einen sanften Widerstand. Dies kann helfen, Gelenke und Bindegewebe vor Sto\u00dfbelastungen zu sch\u00fctzen. Das Ergebnis ist ein Training, wie es sonst nirgendwo auf dem Markt zu finden ist.<\/p>\n","protected":false},"excerpt":{"rendered":"<p>F\u00fcr diejenigen, die an kraftvollem Widerstand interessiert sind, suchen Sie nicht weiter. Diese Maschine nutzt Keisers innovative Technik, um bis zu 272,2 kg Widerstand zu bieten. Sie ist ideal f\u00fcr&hellip;<\/p>\n","protected":false},"featured_media":492,"comment_status":"open","ping_status":"closed","template":"","meta":{"_acf_changed":false},"product_brand":[],"product_cat":[30],"product_tag":[],"class_list":{"0":"post-179","1":"product","2":"type-product","3":"status-publish","4":"has-post-thumbnail","6":"product_cat-keiser-strength","8":"first","9":"instock","10":"shipping-taxable","11":"purchasable","12":"product-type-simple"},"acf":[],"_links":{"self":[{"href":"https:\/\/www.keiserfitness.ch\/en\/wp-json\/wp\/v2\/product\/179","targetHints":{"allow":["GET"]}}],"collection":[{"href":"https:\/\/www.keiserfitness.ch\/en\/wp-json\/wp\/v2\/product"}],"about":[{"href":"https:\/\/www.keiserfitness.ch\/en\/wp-json\/wp\/v2\/types\/product"}],"replies":[{"embeddable":true,"href":"https:\/\/www.keiserfitness.ch\/en\/wp-json\/wp\/v2\/comments?post=179"}],"wp:featuredmedia":[{"embeddable":true,"href":"https:\/\/www.keiserfitness.ch\/en\/wp-json\/wp\/v2\/media\/492"}],"wp:attachment":[{"href":"https:\/\/www.keiserfitness.ch\/en\/wp-json\/wp\/v2\/media?parent=179"}],"wp:term":[{"taxonomy":"product_brand","embeddable":true,"href":"https:\/\/www.keiserfitness.ch\/en\/wp-json\/wp\/v2\/product_brand?post=179"},{"taxonomy":"product_cat","embeddable":true,"href":"https:\/\/www.keiserfitness.ch\/en\/wp-json\/wp\/v2\/product_cat?post=179"},{"taxonomy":"product_tag","embeddable":true,"href":"https:\/\/www.keiserfitness.ch\/en\/wp-json\/wp\/v2\/product_tag?post=179"}],"curies":[{"name":"wp","href":"https:\/\/api.w.org\/{rel}","templated":true}]}}