{"id":182,"date":"2024-01-07T22:47:10","date_gmt":"2024-01-07T21:47:10","guid":{"rendered":"https:\/\/www.keiserfitness.ch\/produkt\/a350-biaxial-chest-press\/"},"modified":"2024-01-16T16:39:12","modified_gmt":"2024-01-16T15:39:12","slug":"a350-biaxial-chest-press","status":"publish","type":"product","link":"https:\/\/www.keiserfitness.ch\/en\/produkt\/a350-biaxial-chest-press\/","title":{"rendered":"A350 Biaxial Chest Press"},"content":{"rendered":"<p>Um Ihren Bewegungsumfang zu maximieren, beginnen Sie mit einem weiten Griff, wenn Ihre H\u00e4nde auf H\u00f6he Ihrer Brust sind. W\u00e4hrend Sie sich durch den Bewegungsbereich bewegen, konvergieren Ihre H\u00e4nde, um die Arbeit an Ihrer Brust und Ihren Armen zu vervollst\u00e4ndigen. Die unabh\u00e4ngige Bewegung der \u00dcbungsarme verhindert, dass Ihre st\u00e4rkere Seite Ihrer schw\u00e4cheren Seite hilft, und maximiert so die Ergebnisse.<\/p>\n<p>Im Gegensatz zu herk\u00f6mmlichen Maschinen, die Eisen verwenden, bietet das niedriginertiale Design der A350 Biaxial Brustpresse einen sanften Widerstand. Sie ist perfekt f\u00fcr Menschen jeden Fitnesslevels.<\/p>\n","protected":false},"excerpt":{"rendered":"<p>Um Ihren Bewegungsumfang zu maximieren, beginnen Sie mit einem weiten Griff, wenn Ihre H\u00e4nde auf H\u00f6he Ihrer Brust sind. W\u00e4hrend Sie sich durch den Bewegungsbereich bewegen, konvergieren Ihre H\u00e4nde, um&hellip;<\/p>\n","protected":false},"featured_media":504,"comment_status":"open","ping_status":"closed","template":"","meta":{"_acf_changed":false},"product_brand":[],"product_cat":[30],"product_tag":[],"class_list":{"0":"post-182","1":"product","2":"type-product","3":"status-publish","4":"has-post-thumbnail","6":"product_cat-keiser-strength","8":"first","9":"instock","10":"shipping-taxable","11":"purchasable","12":"product-type-simple"},"acf":[],"_links":{"self":[{"href":"https:\/\/www.keiserfitness.ch\/en\/wp-json\/wp\/v2\/product\/182","targetHints":{"allow":["GET"]}}],"collection":[{"href":"https:\/\/www.keiserfitness.ch\/en\/wp-json\/wp\/v2\/product"}],"about":[{"href":"https:\/\/www.keiserfitness.ch\/en\/wp-json\/wp\/v2\/types\/product"}],"replies":[{"embeddable":true,"href":"https:\/\/www.keiserfitness.ch\/en\/wp-json\/wp\/v2\/comments?post=182"}],"wp:featuredmedia":[{"embeddable":true,"href":"https:\/\/www.keiserfitness.ch\/en\/wp-json\/wp\/v2\/media\/504"}],"wp:attachment":[{"href":"https:\/\/www.keiserfitness.ch\/en\/wp-json\/wp\/v2\/media?parent=182"}],"wp:term":[{"taxonomy":"product_brand","embeddable":true,"href":"https:\/\/www.keiserfitness.ch\/en\/wp-json\/wp\/v2\/product_brand?post=182"},{"taxonomy":"product_cat","embeddable":true,"href":"https:\/\/www.keiserfitness.ch\/en\/wp-json\/wp\/v2\/product_cat?post=182"},{"taxonomy":"product_tag","embeddable":true,"href":"https:\/\/www.keiserfitness.ch\/en\/wp-json\/wp\/v2\/product_tag?post=182"}],"curies":[{"name":"wp","href":"https:\/\/api.w.org\/{rel}","templated":true}]}}