{"id":185,"date":"2024-01-07T22:47:19","date_gmt":"2024-01-07T21:47:19","guid":{"rendered":"https:\/\/www.keiserfitness.ch\/produkt\/a250-seated-chest-press\/"},"modified":"2024-01-16T16:40:05","modified_gmt":"2024-01-16T15:40:05","slug":"a250-seated-chest-press","status":"publish","type":"product","link":"https:\/\/www.keiserfitness.ch\/en\/produkt\/a250-seated-chest-press\/","title":{"rendered":"A250 Seated Chest Press"},"content":{"rendered":"<p>Diese Maschine repliziert die Bewegung einer freien Bankdr\u00fcckbewegung, jedoch in einer bequemen Sitzposition. Dies maximiert nicht nur den Komfort, sondern minimiert auch den ben\u00f6tigten Bodenplatz. Im Gegensatz zu herk\u00f6mmlichen Maschinen, die Eisen verwenden, bietet das niedriginertiale Design der A250 Sitzenden Brustpresse einen sanften Widerstand. Das Ergebnis ist ein Training, wie es sonst nirgendwo auf dem Markt zu finden ist. Und es ist perfekt f\u00fcr Menschen jeden Fitnesslevels &#8211; von \u00e4lteren Erwachsenen bis hin zu Eliteathleten.<\/p>\n","protected":false},"excerpt":{"rendered":"<p>Diese Maschine repliziert die Bewegung einer freien Bankdr\u00fcckbewegung, jedoch in einer bequemen Sitzposition. Dies maximiert nicht nur den Komfort, sondern minimiert auch den ben\u00f6tigten Bodenplatz. Im Gegensatz zu herk\u00f6mmlichen Maschinen,&hellip;<\/p>\n","protected":false},"featured_media":516,"comment_status":"open","ping_status":"closed","template":"","meta":{"_acf_changed":false},"product_brand":[],"product_cat":[30],"product_tag":[],"class_list":{"0":"post-185","1":"product","2":"type-product","3":"status-publish","4":"has-post-thumbnail","6":"product_cat-keiser-strength","8":"first","9":"instock","10":"shipping-taxable","11":"purchasable","12":"product-type-simple"},"acf":[],"_links":{"self":[{"href":"https:\/\/www.keiserfitness.ch\/en\/wp-json\/wp\/v2\/product\/185","targetHints":{"allow":["GET"]}}],"collection":[{"href":"https:\/\/www.keiserfitness.ch\/en\/wp-json\/wp\/v2\/product"}],"about":[{"href":"https:\/\/www.keiserfitness.ch\/en\/wp-json\/wp\/v2\/types\/product"}],"replies":[{"embeddable":true,"href":"https:\/\/www.keiserfitness.ch\/en\/wp-json\/wp\/v2\/comments?post=185"}],"wp:featuredmedia":[{"embeddable":true,"href":"https:\/\/www.keiserfitness.ch\/en\/wp-json\/wp\/v2\/media\/516"}],"wp:attachment":[{"href":"https:\/\/www.keiserfitness.ch\/en\/wp-json\/wp\/v2\/media?parent=185"}],"wp:term":[{"taxonomy":"product_brand","embeddable":true,"href":"https:\/\/www.keiserfitness.ch\/en\/wp-json\/wp\/v2\/product_brand?post=185"},{"taxonomy":"product_cat","embeddable":true,"href":"https:\/\/www.keiserfitness.ch\/en\/wp-json\/wp\/v2\/product_cat?post=185"},{"taxonomy":"product_tag","embeddable":true,"href":"https:\/\/www.keiserfitness.ch\/en\/wp-json\/wp\/v2\/product_tag?post=185"}],"curies":[{"name":"wp","href":"https:\/\/api.w.org\/{rel}","templated":true}]}}