{"id":188,"date":"2024-01-07T22:47:27","date_gmt":"2024-01-07T21:47:27","guid":{"rendered":"https:\/\/www.keiserfitness.ch\/produkt\/a350-seated-butterfly\/"},"modified":"2024-01-16T16:41:04","modified_gmt":"2024-01-16T15:41:04","slug":"a350-seated-butterfly","status":"publish","type":"product","link":"https:\/\/www.keiserfitness.ch\/en\/produkt\/a350-seated-butterfly\/","title":{"rendered":"A350 Seated Butterfly"},"content":{"rendered":"<p>Die Brust enth\u00e4lt eine der gr\u00f6\u00dften Muskelgruppen im K\u00f6rper. Daher ist es wichtig, diese Muskeln auf verschiedene Weisen zu trainieren. Der A350 Sitzende Butterfly bietet diese Abwechslung und ist eine gro\u00dfartige Erg\u00e4nzung zu einer unserer Brustpressen.<\/p>\n<p>Wir haben dieser Maschine mehrere Einstellm\u00f6glichkeiten hinzugef\u00fcgt, um Ihr Training zu optimieren und den Stress auf Ihre Schultern zu minimieren. Die unabh\u00e4ngigen Arme erm\u00f6glichen es Ihnen, Ihre Brust zu \u00fcberkreuzen, um durch den vollen Bewegungsbereich zu trainieren. Der verstellbare Sitz verbessert die F\u00e4higkeit, die oberen und unteren Brustmuskeln zu trainieren.<\/p>\n","protected":false},"excerpt":{"rendered":"<p>Die Brust enth\u00e4lt eine der gr\u00f6\u00dften Muskelgruppen im K\u00f6rper. Daher ist es wichtig, diese Muskeln auf verschiedene Weisen zu trainieren. Der A350 Sitzende Butterfly bietet diese Abwechslung und ist eine&hellip;<\/p>\n","protected":false},"featured_media":528,"comment_status":"open","ping_status":"closed","template":"","meta":{"_acf_changed":false},"product_brand":[],"product_cat":[30],"product_tag":[],"class_list":{"0":"post-188","1":"product","2":"type-product","3":"status-publish","4":"has-post-thumbnail","6":"product_cat-keiser-strength","8":"first","9":"instock","10":"shipping-taxable","11":"purchasable","12":"product-type-simple"},"acf":[],"_links":{"self":[{"href":"https:\/\/www.keiserfitness.ch\/en\/wp-json\/wp\/v2\/product\/188","targetHints":{"allow":["GET"]}}],"collection":[{"href":"https:\/\/www.keiserfitness.ch\/en\/wp-json\/wp\/v2\/product"}],"about":[{"href":"https:\/\/www.keiserfitness.ch\/en\/wp-json\/wp\/v2\/types\/product"}],"replies":[{"embeddable":true,"href":"https:\/\/www.keiserfitness.ch\/en\/wp-json\/wp\/v2\/comments?post=188"}],"wp:featuredmedia":[{"embeddable":true,"href":"https:\/\/www.keiserfitness.ch\/en\/wp-json\/wp\/v2\/media\/528"}],"wp:attachment":[{"href":"https:\/\/www.keiserfitness.ch\/en\/wp-json\/wp\/v2\/media?parent=188"}],"wp:term":[{"taxonomy":"product_brand","embeddable":true,"href":"https:\/\/www.keiserfitness.ch\/en\/wp-json\/wp\/v2\/product_brand?post=188"},{"taxonomy":"product_cat","embeddable":true,"href":"https:\/\/www.keiserfitness.ch\/en\/wp-json\/wp\/v2\/product_cat?post=188"},{"taxonomy":"product_tag","embeddable":true,"href":"https:\/\/www.keiserfitness.ch\/en\/wp-json\/wp\/v2\/product_tag?post=188"}],"curies":[{"name":"wp","href":"https:\/\/api.w.org\/{rel}","templated":true}]}}