{"id":191,"date":"2024-01-07T22:47:35","date_gmt":"2024-01-07T21:47:35","guid":{"rendered":"https:\/\/www.keiserfitness.ch\/produkt\/a250-lat-pull-down\/"},"modified":"2024-01-16T16:41:59","modified_gmt":"2024-01-16T15:41:59","slug":"a250-lat-pull-down","status":"publish","type":"product","link":"https:\/\/www.keiserfitness.ch\/en\/produkt\/a250-lat-pull-down\/","title":{"rendered":"A250 Lat Pull Down"},"content":{"rendered":"<p>Wir haben die A250 Latzugmaschine so konstruiert, dass sie den geraden Zug eines Kabels simuliert, aber mit einem sichereren und zuverl\u00e4ssigeren Mechanismus. Sie hilft auch, die R\u00fcckenmuskeln st\u00e4rker einzubeziehen, indem man sich in die Bewegung hineinlehnt. Im Gegensatz zu herk\u00f6mmlichen Maschinen, die Eisen verwenden, bietet das niedriginertiale Design der A250 Latzugmaschine einen sanften Widerstand. Das Ergebnis ist ein Training, wie es sonst nirgendwo auf dem Markt zu finden ist. Und es ist perfekt f\u00fcr Menschen jeden Fitnesslevels.<\/p>\n","protected":false},"excerpt":{"rendered":"<p>Wir haben die A250 Latzugmaschine so konstruiert, dass sie den geraden Zug eines Kabels simuliert, aber mit einem sichereren und zuverl\u00e4ssigeren Mechanismus. Sie hilft auch, die R\u00fcckenmuskeln st\u00e4rker einzubeziehen, indem&hellip;<\/p>\n","protected":false},"featured_media":540,"comment_status":"open","ping_status":"closed","template":"","meta":{"_acf_changed":false},"product_brand":[],"product_cat":[30],"product_tag":[],"class_list":{"0":"post-191","1":"product","2":"type-product","3":"status-publish","4":"has-post-thumbnail","6":"product_cat-keiser-strength","8":"first","9":"instock","10":"shipping-taxable","11":"purchasable","12":"product-type-simple"},"acf":[],"_links":{"self":[{"href":"https:\/\/www.keiserfitness.ch\/en\/wp-json\/wp\/v2\/product\/191","targetHints":{"allow":["GET"]}}],"collection":[{"href":"https:\/\/www.keiserfitness.ch\/en\/wp-json\/wp\/v2\/product"}],"about":[{"href":"https:\/\/www.keiserfitness.ch\/en\/wp-json\/wp\/v2\/types\/product"}],"replies":[{"embeddable":true,"href":"https:\/\/www.keiserfitness.ch\/en\/wp-json\/wp\/v2\/comments?post=191"}],"wp:featuredmedia":[{"embeddable":true,"href":"https:\/\/www.keiserfitness.ch\/en\/wp-json\/wp\/v2\/media\/540"}],"wp:attachment":[{"href":"https:\/\/www.keiserfitness.ch\/en\/wp-json\/wp\/v2\/media?parent=191"}],"wp:term":[{"taxonomy":"product_brand","embeddable":true,"href":"https:\/\/www.keiserfitness.ch\/en\/wp-json\/wp\/v2\/product_brand?post=191"},{"taxonomy":"product_cat","embeddable":true,"href":"https:\/\/www.keiserfitness.ch\/en\/wp-json\/wp\/v2\/product_cat?post=191"},{"taxonomy":"product_tag","embeddable":true,"href":"https:\/\/www.keiserfitness.ch\/en\/wp-json\/wp\/v2\/product_tag?post=191"}],"curies":[{"name":"wp","href":"https:\/\/api.w.org\/{rel}","templated":true}]}}