{"id":197,"date":"2024-01-07T22:47:52","date_gmt":"2024-01-07T21:47:52","guid":{"rendered":"https:\/\/www.keiserfitness.ch\/produkt\/a250-upper-back\/"},"modified":"2024-01-16T16:44:03","modified_gmt":"2024-01-16T15:44:03","slug":"a250-upper-back","status":"publish","type":"product","link":"https:\/\/www.keiserfitness.ch\/en\/produkt\/a250-upper-back\/","title":{"rendered":"A250 Upper Back"},"content":{"rendered":"<p>Diese Maschine verf\u00fcgt \u00fcber zwei Handgriffpositionen, um die Muskeln des oberen, mittleren und seitlichen R\u00fcckens maximal zu beanspruchen. Im Gegensatz zu herk\u00f6mmlichen Maschinen, die Eisen verwenden, bietet das niedriginertiale Design des A250 Oberen R\u00fcckens einen sanften Widerstand. Dies kann helfen, Gelenke und Bindegewebe vor Sto\u00dfbelastungen zu sch\u00fctzen. Das Ergebnis ist ein Training, wie es sonst nirgendwo auf dem Markt zu finden ist. Und es ist perfekt f\u00fcr Menschen jeden Fitnesslevels &#8211; von \u00e4lteren Erwachsenen bis hin zu Eliteathleten.<\/p>\n","protected":false},"excerpt":{"rendered":"<p>Diese Maschine verf\u00fcgt \u00fcber zwei Handgriffpositionen, um die Muskeln des oberen, mittleren und seitlichen R\u00fcckens maximal zu beanspruchen. Im Gegensatz zu herk\u00f6mmlichen Maschinen, die Eisen verwenden, bietet das niedriginertiale Design&hellip;<\/p>\n","protected":false},"featured_media":564,"comment_status":"open","ping_status":"closed","template":"","meta":{"_acf_changed":false},"product_brand":[],"product_cat":[30],"product_tag":[],"class_list":{"0":"post-197","1":"product","2":"type-product","3":"status-publish","4":"has-post-thumbnail","6":"product_cat-keiser-strength","8":"first","9":"instock","10":"shipping-taxable","11":"purchasable","12":"product-type-simple"},"acf":[],"_links":{"self":[{"href":"https:\/\/www.keiserfitness.ch\/en\/wp-json\/wp\/v2\/product\/197","targetHints":{"allow":["GET"]}}],"collection":[{"href":"https:\/\/www.keiserfitness.ch\/en\/wp-json\/wp\/v2\/product"}],"about":[{"href":"https:\/\/www.keiserfitness.ch\/en\/wp-json\/wp\/v2\/types\/product"}],"replies":[{"embeddable":true,"href":"https:\/\/www.keiserfitness.ch\/en\/wp-json\/wp\/v2\/comments?post=197"}],"wp:featuredmedia":[{"embeddable":true,"href":"https:\/\/www.keiserfitness.ch\/en\/wp-json\/wp\/v2\/media\/564"}],"wp:attachment":[{"href":"https:\/\/www.keiserfitness.ch\/en\/wp-json\/wp\/v2\/media?parent=197"}],"wp:term":[{"taxonomy":"product_brand","embeddable":true,"href":"https:\/\/www.keiserfitness.ch\/en\/wp-json\/wp\/v2\/product_brand?post=197"},{"taxonomy":"product_cat","embeddable":true,"href":"https:\/\/www.keiserfitness.ch\/en\/wp-json\/wp\/v2\/product_cat?post=197"},{"taxonomy":"product_tag","embeddable":true,"href":"https:\/\/www.keiserfitness.ch\/en\/wp-json\/wp\/v2\/product_tag?post=197"}],"curies":[{"name":"wp","href":"https:\/\/api.w.org\/{rel}","templated":true}]}}