{"id":203,"date":"2024-01-07T22:48:10","date_gmt":"2024-01-07T21:48:10","guid":{"rendered":"https:\/\/www.keiserfitness.ch\/produkt\/a300-hip-abductor\/"},"modified":"2024-01-16T16:46:20","modified_gmt":"2024-01-16T15:46:20","slug":"a300-hip-abductor","status":"publish","type":"product","link":"https:\/\/www.keiserfitness.ch\/en\/produkt\/a300-hip-abductor\/","title":{"rendered":"A300 Hip Abductor"},"content":{"rendered":"<p>Schnelle H\u00fcftabduktion ist wesentlich f\u00fcr die menschliche Leistungsf\u00e4higkeit, sei es beim Brechen von Weltrekorden oder bei der Verbesserung Ihrer Stabilit\u00e4t und Mobilit\u00e4t im Alter. Ihr Unterk\u00f6rper ist Ihre aktive St\u00fctzbasis und muss sich schnell in alle Richtungen bewegen k\u00f6nnen. Die Keiser H\u00fcftabduktoren-, H\u00fcftadduktoren- und Stehh\u00fcftmaschinen k\u00f6nnen diese \u00e4u\u00dferst wichtigen Muskeln sicherer und bei jeder Geschwindigkeit trainieren.<\/p>\n","protected":false},"excerpt":{"rendered":"<p>Schnelle H\u00fcftabduktion ist wesentlich f\u00fcr die menschliche Leistungsf\u00e4higkeit, sei es beim Brechen von Weltrekorden oder bei der Verbesserung Ihrer Stabilit\u00e4t und Mobilit\u00e4t im Alter. Ihr Unterk\u00f6rper ist Ihre aktive St\u00fctzbasis&hellip;<\/p>\n","protected":false},"featured_media":588,"comment_status":"open","ping_status":"closed","template":"","meta":{"_acf_changed":false},"product_brand":[],"product_cat":[30],"product_tag":[],"class_list":{"0":"post-203","1":"product","2":"type-product","3":"status-publish","4":"has-post-thumbnail","6":"product_cat-keiser-strength","8":"first","9":"instock","10":"shipping-taxable","11":"purchasable","12":"product-type-simple"},"acf":[],"_links":{"self":[{"href":"https:\/\/www.keiserfitness.ch\/en\/wp-json\/wp\/v2\/product\/203","targetHints":{"allow":["GET"]}}],"collection":[{"href":"https:\/\/www.keiserfitness.ch\/en\/wp-json\/wp\/v2\/product"}],"about":[{"href":"https:\/\/www.keiserfitness.ch\/en\/wp-json\/wp\/v2\/types\/product"}],"replies":[{"embeddable":true,"href":"https:\/\/www.keiserfitness.ch\/en\/wp-json\/wp\/v2\/comments?post=203"}],"wp:featuredmedia":[{"embeddable":true,"href":"https:\/\/www.keiserfitness.ch\/en\/wp-json\/wp\/v2\/media\/588"}],"wp:attachment":[{"href":"https:\/\/www.keiserfitness.ch\/en\/wp-json\/wp\/v2\/media?parent=203"}],"wp:term":[{"taxonomy":"product_brand","embeddable":true,"href":"https:\/\/www.keiserfitness.ch\/en\/wp-json\/wp\/v2\/product_brand?post=203"},{"taxonomy":"product_cat","embeddable":true,"href":"https:\/\/www.keiserfitness.ch\/en\/wp-json\/wp\/v2\/product_cat?post=203"},{"taxonomy":"product_tag","embeddable":true,"href":"https:\/\/www.keiserfitness.ch\/en\/wp-json\/wp\/v2\/product_tag?post=203"}],"curies":[{"name":"wp","href":"https:\/\/api.w.org\/{rel}","templated":true}]}}