{"id":207,"date":"2024-01-07T22:48:16","date_gmt":"2024-01-07T21:48:16","guid":{"rendered":"https:\/\/www.keiserfitness.ch\/produkt\/a250-standing-hip\/"},"modified":"2024-01-16T16:47:28","modified_gmt":"2024-01-16T15:47:28","slug":"a250-standing-hip","status":"publish","type":"product","link":"https:\/\/www.keiserfitness.ch\/en\/produkt\/a250-standing-hip\/","title":{"rendered":"A250 Standing Hip"},"content":{"rendered":"<p>Diese Maschine bietet H\u00fcftbeugung, -streckung, -adduktion und -abduktion in einem Ger\u00e4t. Sie verf\u00fcgt \u00fcber eine geteilte Plattform, um zu verhindern, dass Ihr Fu\u00df w\u00e4hrend des Beinschwungs die Plattform ber\u00fchrt. Gew\u00f6lbte St\u00fctzbalken mit doppelten Widerstandskontrollen f\u00fcr vorw\u00e4rts oder seitw\u00e4rts gerichtete Positionierung bieten mehr Freiraum f\u00fcr Ihr Bein bei hohen Schw\u00fcngen.<\/p>\n<p>Im Gegensatz zu herk\u00f6mmlichen Maschinen, die Eisen verwenden, bietet das niedriginertiale Design der A250 Stehh\u00fcfte einen sanften Widerstand. Sie ist perfekt f\u00fcr Menschen jeden Fitnesslevels geeignet.<\/p>\n","protected":false},"excerpt":{"rendered":"<p>Diese Maschine bietet H\u00fcftbeugung, -streckung, -adduktion und -abduktion in einem Ger\u00e4t. Sie verf\u00fcgt \u00fcber eine geteilte Plattform, um zu verhindern, dass Ihr Fu\u00df w\u00e4hrend des Beinschwungs die Plattform ber\u00fchrt. Gew\u00f6lbte&hellip;<\/p>\n","protected":false},"featured_media":600,"comment_status":"open","ping_status":"closed","template":"","meta":{"_acf_changed":false},"product_brand":[],"product_cat":[30],"product_tag":[],"class_list":{"0":"post-207","1":"product","2":"type-product","3":"status-publish","4":"has-post-thumbnail","6":"product_cat-keiser-strength","8":"first","9":"instock","10":"shipping-taxable","11":"purchasable","12":"product-type-simple"},"acf":[],"_links":{"self":[{"href":"https:\/\/www.keiserfitness.ch\/en\/wp-json\/wp\/v2\/product\/207","targetHints":{"allow":["GET"]}}],"collection":[{"href":"https:\/\/www.keiserfitness.ch\/en\/wp-json\/wp\/v2\/product"}],"about":[{"href":"https:\/\/www.keiserfitness.ch\/en\/wp-json\/wp\/v2\/types\/product"}],"replies":[{"embeddable":true,"href":"https:\/\/www.keiserfitness.ch\/en\/wp-json\/wp\/v2\/comments?post=207"}],"wp:featuredmedia":[{"embeddable":true,"href":"https:\/\/www.keiserfitness.ch\/en\/wp-json\/wp\/v2\/media\/600"}],"wp:attachment":[{"href":"https:\/\/www.keiserfitness.ch\/en\/wp-json\/wp\/v2\/media?parent=207"}],"wp:term":[{"taxonomy":"product_brand","embeddable":true,"href":"https:\/\/www.keiserfitness.ch\/en\/wp-json\/wp\/v2\/product_brand?post=207"},{"taxonomy":"product_cat","embeddable":true,"href":"https:\/\/www.keiserfitness.ch\/en\/wp-json\/wp\/v2\/product_cat?post=207"},{"taxonomy":"product_tag","embeddable":true,"href":"https:\/\/www.keiserfitness.ch\/en\/wp-json\/wp\/v2\/product_tag?post=207"}],"curies":[{"name":"wp","href":"https:\/\/api.w.org\/{rel}","templated":true}]}}