{"id":210,"date":"2024-01-07T22:48:22","date_gmt":"2024-01-07T21:48:22","guid":{"rendered":"https:\/\/www.keiserfitness.ch\/produkt\/a300-leg-extension-pro\/"},"modified":"2024-01-16T16:48:49","modified_gmt":"2024-01-16T15:48:49","slug":"a300-leg-extension-pro","status":"publish","type":"product","link":"https:\/\/www.keiserfitness.ch\/en\/produkt\/a300-leg-extension-pro\/","title":{"rendered":"A300 Leg Extension Pro"},"content":{"rendered":"<p>Die Quadrizepsmuskeln k\u00f6nnen sehr hohe Kr\u00e4fte bei sehr hohen Geschwindigkeiten erzeugen. Das macht das Knie bei hohen Beugungsgraden anf\u00e4llig f\u00fcr Verletzungen. Diese Maschine verringert den Widerstand dort, wo das Knie am meisten verletzungsanf\u00e4llig ist. Im Gegensatz zu herk\u00f6mmlichen Maschinen, die Eisen verwenden, bietet das niedriginertiale Design der A300 Beinstrecker Pro einen sanften Widerstand. Das Ergebnis ist ein Training, wie es sonst nirgendwo auf dem Markt zu finden ist.<\/p>\n","protected":false},"excerpt":{"rendered":"<p>Die Quadrizepsmuskeln k\u00f6nnen sehr hohe Kr\u00e4fte bei sehr hohen Geschwindigkeiten erzeugen. Das macht das Knie bei hohen Beugungsgraden anf\u00e4llig f\u00fcr Verletzungen. Diese Maschine verringert den Widerstand dort, wo das Knie&hellip;<\/p>\n","protected":false},"featured_media":612,"comment_status":"open","ping_status":"closed","template":"","meta":{"_acf_changed":false},"product_brand":[],"product_cat":[30],"product_tag":[],"class_list":{"0":"post-210","1":"product","2":"type-product","3":"status-publish","4":"has-post-thumbnail","6":"product_cat-keiser-strength","8":"first","9":"instock","10":"shipping-taxable","11":"purchasable","12":"product-type-simple"},"acf":[],"_links":{"self":[{"href":"https:\/\/www.keiserfitness.ch\/en\/wp-json\/wp\/v2\/product\/210","targetHints":{"allow":["GET"]}}],"collection":[{"href":"https:\/\/www.keiserfitness.ch\/en\/wp-json\/wp\/v2\/product"}],"about":[{"href":"https:\/\/www.keiserfitness.ch\/en\/wp-json\/wp\/v2\/types\/product"}],"replies":[{"embeddable":true,"href":"https:\/\/www.keiserfitness.ch\/en\/wp-json\/wp\/v2\/comments?post=210"}],"wp:featuredmedia":[{"embeddable":true,"href":"https:\/\/www.keiserfitness.ch\/en\/wp-json\/wp\/v2\/media\/612"}],"wp:attachment":[{"href":"https:\/\/www.keiserfitness.ch\/en\/wp-json\/wp\/v2\/media?parent=210"}],"wp:term":[{"taxonomy":"product_brand","embeddable":true,"href":"https:\/\/www.keiserfitness.ch\/en\/wp-json\/wp\/v2\/product_brand?post=210"},{"taxonomy":"product_cat","embeddable":true,"href":"https:\/\/www.keiserfitness.ch\/en\/wp-json\/wp\/v2\/product_cat?post=210"},{"taxonomy":"product_tag","embeddable":true,"href":"https:\/\/www.keiserfitness.ch\/en\/wp-json\/wp\/v2\/product_tag?post=210"}],"curies":[{"name":"wp","href":"https:\/\/api.w.org\/{rel}","templated":true}]}}