{"id":214,"date":"2024-01-07T22:48:29","date_gmt":"2024-01-07T21:48:29","guid":{"rendered":"https:\/\/www.keiserfitness.ch\/produkt\/a250-leg-extension\/"},"modified":"2024-01-18T02:46:33","modified_gmt":"2024-01-18T01:46:33","slug":"a250-leg-extension","status":"publish","type":"product","link":"https:\/\/www.keiserfitness.ch\/en\/produkt\/a250-leg-extension\/","title":{"rendered":"A250 Leg Extension"},"content":{"rendered":"<p>Die Quadrizeps sind eine der kr\u00e4ftigsten Muskelgruppen, die wir haben. Sie sind verantwortlich f\u00fcr einen Gro\u00dfteil unserer Stabilit\u00e4t und Beweglichkeit. Diese Beinstrecker-Maschine verf\u00fcgt \u00fcber einen Sitz, der sich vorw\u00e4rts und r\u00fcckw\u00e4rts verstellen l\u00e4sst, ohne seine Neigung zu \u00e4ndern, was maximalen Komfort bietet. Ein optional erh\u00e4ltliches Bewegungsbegrenzungsger\u00e4t (Modell 1122) erm\u00f6glicht es Ihnen, die Start- und Endpunkte im Bewegungsumfang festzulegen. Als perfekte Erg\u00e4nzung zur A250 Beincurl-Maschine bietet die A250 Beinstrecker-Maschine einen sanften Widerstand, der den K\u00f6rper vor Sto\u00dfbelastungen sch\u00fctzt.<\/p>\n","protected":false},"excerpt":{"rendered":"<p>Die Quadrizeps sind eine der kr\u00e4ftigsten Muskelgruppen, die wir haben. Sie sind verantwortlich f\u00fcr einen Gro\u00dfteil unserer Stabilit\u00e4t und Beweglichkeit. Diese Beinstrecker-Maschine verf\u00fcgt \u00fcber einen Sitz, der sich vorw\u00e4rts und&hellip;<\/p>\n","protected":false},"featured_media":859,"comment_status":"open","ping_status":"closed","template":"","meta":{"_acf_changed":false},"product_brand":[],"product_cat":[30],"product_tag":[],"class_list":{"0":"post-214","1":"product","2":"type-product","3":"status-publish","4":"has-post-thumbnail","6":"product_cat-keiser-strength","8":"first","9":"outofstock","10":"shipping-taxable","11":"purchasable","12":"product-type-variable"},"acf":[],"_links":{"self":[{"href":"https:\/\/www.keiserfitness.ch\/en\/wp-json\/wp\/v2\/product\/214","targetHints":{"allow":["GET"]}}],"collection":[{"href":"https:\/\/www.keiserfitness.ch\/en\/wp-json\/wp\/v2\/product"}],"about":[{"href":"https:\/\/www.keiserfitness.ch\/en\/wp-json\/wp\/v2\/types\/product"}],"replies":[{"embeddable":true,"href":"https:\/\/www.keiserfitness.ch\/en\/wp-json\/wp\/v2\/comments?post=214"}],"wp:featuredmedia":[{"embeddable":true,"href":"https:\/\/www.keiserfitness.ch\/en\/wp-json\/wp\/v2\/media\/859"}],"wp:attachment":[{"href":"https:\/\/www.keiserfitness.ch\/en\/wp-json\/wp\/v2\/media?parent=214"}],"wp:term":[{"taxonomy":"product_brand","embeddable":true,"href":"https:\/\/www.keiserfitness.ch\/en\/wp-json\/wp\/v2\/product_brand?post=214"},{"taxonomy":"product_cat","embeddable":true,"href":"https:\/\/www.keiserfitness.ch\/en\/wp-json\/wp\/v2\/product_cat?post=214"},{"taxonomy":"product_tag","embeddable":true,"href":"https:\/\/www.keiserfitness.ch\/en\/wp-json\/wp\/v2\/product_tag?post=214"}],"curies":[{"name":"wp","href":"https:\/\/api.w.org\/{rel}","templated":true}]}}