{"id":219,"date":"2024-01-07T22:48:36","date_gmt":"2024-01-07T21:48:36","guid":{"rendered":"https:\/\/www.keiserfitness.ch\/produkt\/a300-leg-curl-pro\/"},"modified":"2024-07-19T12:02:28","modified_gmt":"2024-07-19T10:02:28","slug":"a300-leg-curl-pro","status":"publish","type":"product","link":"https:\/\/www.keiserfitness.ch\/en\/produkt\/a300-leg-curl-pro\/","title":{"rendered":"A300 Leg Curl Pro"},"content":{"rendered":"<p>Das Training der Oberschenkelmuskulatur bei hoher Geschwindigkeit schult das Gehirn, die Aktivierung der Oberschenkelmuskulatur besser zu kontrollieren und hilft so, Verletzungen zu verhindern. Der A300 Leg Curl Pro bietet verbesserte Ergonomie mit dem Brustpolster, den Daumenkn\u00f6pfen und dem Display in komfortableren Positionen.<\/p>\n<p>Die unabh\u00e4ngige Bewegung jedes Beines erm\u00f6glicht es Ihnen, genauso zu trainieren, wie Sie spielen. Sie k\u00f6nnen sogar wie auf einem Fahrrad trainieren (w\u00e4hrend ein Bein hochgeht, kommt das andere herunter). Und vergessen Sie nicht die M\u00f6glichkeit einer exzentrischen \u00dcberlastung, die nachweislich hilft, Verletzungen der Oberschenkelmuskulatur zu verhindern.<\/p>\n","protected":false},"excerpt":{"rendered":"<p>Das Training der Oberschenkelmuskulatur bei hoher Geschwindigkeit schult das Gehirn, die Aktivierung der Oberschenkelmuskulatur besser zu kontrollieren und hilft so, Verletzungen zu verhindern. Der A300 Leg Curl Pro bietet verbesserte&hellip;<\/p>\n","protected":false},"featured_media":636,"comment_status":"open","ping_status":"closed","template":"","meta":{"_acf_changed":false},"product_brand":[],"product_cat":[30],"product_tag":[],"class_list":{"0":"post-219","1":"product","2":"type-product","3":"status-publish","4":"has-post-thumbnail","6":"product_cat-keiser-strength","8":"first","9":"instock","10":"shipping-taxable","11":"purchasable","12":"product-type-simple"},"acf":[],"_links":{"self":[{"href":"https:\/\/www.keiserfitness.ch\/en\/wp-json\/wp\/v2\/product\/219","targetHints":{"allow":["GET"]}}],"collection":[{"href":"https:\/\/www.keiserfitness.ch\/en\/wp-json\/wp\/v2\/product"}],"about":[{"href":"https:\/\/www.keiserfitness.ch\/en\/wp-json\/wp\/v2\/types\/product"}],"replies":[{"embeddable":true,"href":"https:\/\/www.keiserfitness.ch\/en\/wp-json\/wp\/v2\/comments?post=219"}],"wp:featuredmedia":[{"embeddable":true,"href":"https:\/\/www.keiserfitness.ch\/en\/wp-json\/wp\/v2\/media\/636"}],"wp:attachment":[{"href":"https:\/\/www.keiserfitness.ch\/en\/wp-json\/wp\/v2\/media?parent=219"}],"wp:term":[{"taxonomy":"product_brand","embeddable":true,"href":"https:\/\/www.keiserfitness.ch\/en\/wp-json\/wp\/v2\/product_brand?post=219"},{"taxonomy":"product_cat","embeddable":true,"href":"https:\/\/www.keiserfitness.ch\/en\/wp-json\/wp\/v2\/product_cat?post=219"},{"taxonomy":"product_tag","embeddable":true,"href":"https:\/\/www.keiserfitness.ch\/en\/wp-json\/wp\/v2\/product_tag?post=219"}],"curies":[{"name":"wp","href":"https:\/\/api.w.org\/{rel}","templated":true}]}}