{"id":223,"date":"2024-01-07T22:48:45","date_gmt":"2024-01-07T21:48:45","guid":{"rendered":"https:\/\/www.keiserfitness.ch\/produkt\/a250-seated-leg-curl\/"},"modified":"2024-01-16T16:52:50","modified_gmt":"2024-01-16T15:52:50","slug":"a250-seated-leg-curl","status":"publish","type":"product","link":"https:\/\/www.keiserfitness.ch\/en\/produkt\/a250-seated-leg-curl\/","title":{"rendered":"A250 Seated Leg Curl"},"content":{"rendered":"<p>Die Oberschenkelmuskeln geh\u00f6ren zu den am meisten vernachl\u00e4ssigten Muskelgruppen. Um diesem Problem zu begegnen, hat Keiser die A250 Sitzbeincurlmaschine so entworfen, dass sie eine weniger einsch\u00fcchternde Sitzposition bietet und die Belastung auf den unteren R\u00fccken reduziert. Ein verstellbares Kissen h\u00e4lt die Oberschenkel in einer bequemen und stabilen Position f\u00fcr maximale Ergebnisse. Ein optional erh\u00e4ltliches Bewegungsbegrenzungsger\u00e4t (Modell 1222) erm\u00f6glicht es Ihnen, die Start- und Endpunkte im Bewegungsumfang festzulegen.<\/p>\n","protected":false},"excerpt":{"rendered":"<p>Die Oberschenkelmuskeln geh\u00f6ren zu den am meisten vernachl\u00e4ssigten Muskelgruppen. Um diesem Problem zu begegnen, hat Keiser die A250 Sitzbeincurlmaschine so entworfen, dass sie eine weniger einsch\u00fcchternde Sitzposition bietet und die&hellip;<\/p>\n","protected":false},"featured_media":648,"comment_status":"open","ping_status":"closed","template":"","meta":{"_acf_changed":false},"product_brand":[],"product_cat":[30],"product_tag":[],"class_list":{"0":"post-223","1":"product","2":"type-product","3":"status-publish","4":"has-post-thumbnail","6":"product_cat-keiser-strength","8":"first","9":"outofstock","10":"shipping-taxable","11":"purchasable","12":"product-type-variable"},"acf":[],"_links":{"self":[{"href":"https:\/\/www.keiserfitness.ch\/en\/wp-json\/wp\/v2\/product\/223","targetHints":{"allow":["GET"]}}],"collection":[{"href":"https:\/\/www.keiserfitness.ch\/en\/wp-json\/wp\/v2\/product"}],"about":[{"href":"https:\/\/www.keiserfitness.ch\/en\/wp-json\/wp\/v2\/types\/product"}],"replies":[{"embeddable":true,"href":"https:\/\/www.keiserfitness.ch\/en\/wp-json\/wp\/v2\/comments?post=223"}],"wp:featuredmedia":[{"embeddable":true,"href":"https:\/\/www.keiserfitness.ch\/en\/wp-json\/wp\/v2\/media\/648"}],"wp:attachment":[{"href":"https:\/\/www.keiserfitness.ch\/en\/wp-json\/wp\/v2\/media?parent=223"}],"wp:term":[{"taxonomy":"product_brand","embeddable":true,"href":"https:\/\/www.keiserfitness.ch\/en\/wp-json\/wp\/v2\/product_brand?post=223"},{"taxonomy":"product_cat","embeddable":true,"href":"https:\/\/www.keiserfitness.ch\/en\/wp-json\/wp\/v2\/product_cat?post=223"},{"taxonomy":"product_tag","embeddable":true,"href":"https:\/\/www.keiserfitness.ch\/en\/wp-json\/wp\/v2\/product_tag?post=223"}],"curies":[{"name":"wp","href":"https:\/\/api.w.org\/{rel}","templated":true}]}}