{"id":226,"date":"2024-01-07T22:48:53","date_gmt":"2024-01-07T21:48:53","guid":{"rendered":"https:\/\/www.keiserfitness.ch\/produkt\/a300-seated-calf\/"},"modified":"2024-01-16T16:54:01","modified_gmt":"2024-01-16T15:54:01","slug":"a300-seated-calf","status":"publish","type":"product","link":"https:\/\/www.keiserfitness.ch\/en\/produkt\/a300-seated-calf\/","title":{"rendered":"A300 Seated Calf"},"content":{"rendered":"<p>Die A300 Sitz-Wadenmaschine wurde urspr\u00fcnglich f\u00fcr die Weltrekordhalter Willie Banks (Dreisprung) und Mike Powell (Weitsprung) entworfen. Sie bietet unilaterale Bewegung, um ausgeglichene, explosive Kraft in den unteren Beinen zu entwickeln. Die Maschine l\u00e4dt automatisch vor und passt sich der Beinl\u00e4nge an. Im Gegensatz zu herk\u00f6mmlichen Maschinen, die Eisen verwenden, bietet das niedriginertiale Design der A300 Sitz-Wadenmaschine einen sanften Widerstand. Das Ergebnis ist ein Training, wie es sonst nirgendwo auf dem Markt zu finden ist.<\/p>\n","protected":false},"excerpt":{"rendered":"<p>Die A300 Sitz-Wadenmaschine wurde urspr\u00fcnglich f\u00fcr die Weltrekordhalter Willie Banks (Dreisprung) und Mike Powell (Weitsprung) entworfen. Sie bietet unilaterale Bewegung, um ausgeglichene, explosive Kraft in den unteren Beinen zu entwickeln.&hellip;<\/p>\n","protected":false},"featured_media":660,"comment_status":"open","ping_status":"closed","template":"","meta":{"_acf_changed":false},"product_brand":[],"product_cat":[30],"product_tag":[],"class_list":{"0":"post-226","1":"product","2":"type-product","3":"status-publish","4":"has-post-thumbnail","6":"product_cat-keiser-strength","8":"first","9":"instock","10":"shipping-taxable","11":"purchasable","12":"product-type-simple"},"acf":[],"_links":{"self":[{"href":"https:\/\/www.keiserfitness.ch\/en\/wp-json\/wp\/v2\/product\/226","targetHints":{"allow":["GET"]}}],"collection":[{"href":"https:\/\/www.keiserfitness.ch\/en\/wp-json\/wp\/v2\/product"}],"about":[{"href":"https:\/\/www.keiserfitness.ch\/en\/wp-json\/wp\/v2\/types\/product"}],"replies":[{"embeddable":true,"href":"https:\/\/www.keiserfitness.ch\/en\/wp-json\/wp\/v2\/comments?post=226"}],"wp:featuredmedia":[{"embeddable":true,"href":"https:\/\/www.keiserfitness.ch\/en\/wp-json\/wp\/v2\/media\/660"}],"wp:attachment":[{"href":"https:\/\/www.keiserfitness.ch\/en\/wp-json\/wp\/v2\/media?parent=226"}],"wp:term":[{"taxonomy":"product_brand","embeddable":true,"href":"https:\/\/www.keiserfitness.ch\/en\/wp-json\/wp\/v2\/product_brand?post=226"},{"taxonomy":"product_cat","embeddable":true,"href":"https:\/\/www.keiserfitness.ch\/en\/wp-json\/wp\/v2\/product_cat?post=226"},{"taxonomy":"product_tag","embeddable":true,"href":"https:\/\/www.keiserfitness.ch\/en\/wp-json\/wp\/v2\/product_tag?post=226"}],"curies":[{"name":"wp","href":"https:\/\/api.w.org\/{rel}","templated":true}]}}