{"id":229,"date":"2024-01-07T22:49:02","date_gmt":"2024-01-07T21:49:02","guid":{"rendered":"https:\/\/www.keiserfitness.ch\/produkt\/a300-belt-squat\/"},"modified":"2024-01-16T16:55:13","modified_gmt":"2024-01-16T15:55:13","slug":"a300-belt-squat","status":"publish","type":"product","link":"https:\/\/www.keiserfitness.ch\/en\/produkt\/a300-belt-squat\/","title":{"rendered":"A300 Belt Squat"},"content":{"rendered":"<p>Entwickeln Sie explosive H\u00fcft- und Beinkraft mit bis zu 362,9 kg Widerstand, ohne zus\u00e4tzlichen Stress f\u00fcr Ihre Schultern und die Wirbels\u00e4ule. Die A300 Belt Squat ist besonders vorteilhaft f\u00fcr gr\u00f6\u00dfere Menschen, da sie die Belastung der Wirbels\u00e4ule eliminiert. Schwenkbare Griffe passen sich Sportlern von 142 cm bis 213 cm K\u00f6rpergr\u00f6\u00dfe an. Die breite Basis und die optionale Deadlift-Stange erm\u00f6glichen vielf\u00e4ltige Trainingsm\u00f6glichkeiten.<\/p>\n","protected":false},"excerpt":{"rendered":"<p>Entwickeln Sie explosive H\u00fcft- und Beinkraft mit bis zu 362,9 kg Widerstand, ohne zus\u00e4tzlichen Stress f\u00fcr Ihre Schultern und die Wirbels\u00e4ule. Die A300 Belt Squat ist besonders vorteilhaft f\u00fcr gr\u00f6\u00dfere&hellip;<\/p>\n","protected":false},"featured_media":672,"comment_status":"open","ping_status":"closed","template":"","meta":{"_acf_changed":false},"product_brand":[],"product_cat":[30],"product_tag":[],"class_list":{"0":"post-229","1":"product","2":"type-product","3":"status-publish","4":"has-post-thumbnail","6":"product_cat-keiser-strength","8":"first","9":"instock","10":"shipping-taxable","11":"purchasable","12":"product-type-simple"},"acf":[],"_links":{"self":[{"href":"https:\/\/www.keiserfitness.ch\/en\/wp-json\/wp\/v2\/product\/229","targetHints":{"allow":["GET"]}}],"collection":[{"href":"https:\/\/www.keiserfitness.ch\/en\/wp-json\/wp\/v2\/product"}],"about":[{"href":"https:\/\/www.keiserfitness.ch\/en\/wp-json\/wp\/v2\/types\/product"}],"replies":[{"embeddable":true,"href":"https:\/\/www.keiserfitness.ch\/en\/wp-json\/wp\/v2\/comments?post=229"}],"wp:featuredmedia":[{"embeddable":true,"href":"https:\/\/www.keiserfitness.ch\/en\/wp-json\/wp\/v2\/media\/672"}],"wp:attachment":[{"href":"https:\/\/www.keiserfitness.ch\/en\/wp-json\/wp\/v2\/media?parent=229"}],"wp:term":[{"taxonomy":"product_brand","embeddable":true,"href":"https:\/\/www.keiserfitness.ch\/en\/wp-json\/wp\/v2\/product_brand?post=229"},{"taxonomy":"product_cat","embeddable":true,"href":"https:\/\/www.keiserfitness.ch\/en\/wp-json\/wp\/v2\/product_cat?post=229"},{"taxonomy":"product_tag","embeddable":true,"href":"https:\/\/www.keiserfitness.ch\/en\/wp-json\/wp\/v2\/product_tag?post=229"}],"curies":[{"name":"wp","href":"https:\/\/api.w.org\/{rel}","templated":true}]}}