{"id":232,"date":"2024-01-07T22:49:12","date_gmt":"2024-01-07T21:49:12","guid":{"rendered":"https:\/\/www.keiserfitness.ch\/produkt\/a300-squat-pro\/"},"modified":"2024-01-16T16:56:25","modified_gmt":"2024-01-16T15:56:25","slug":"a300-squat-pro","status":"publish","type":"product","link":"https:\/\/www.keiserfitness.ch\/en\/produkt\/a300-squat-pro\/","title":{"rendered":"A300 Squat Pro"},"content":{"rendered":"<p>Der A300 Squat Pro verf\u00fcgt \u00fcber alle Funktionen unserer Standard-A300 Kniebeugenmaschine, plus wir haben einen beweglichen Anschlag hinzugef\u00fcgt, um das Ein- und Aussteigen aus der Maschine zu erleichtern. Wir haben auch den Rahmen verst\u00e4rkt und 200 zus\u00e4tzliche Pfund Gewicht in die Basis eingebaut, um sie an Ort und Stelle zu halten. Die A300 Kniebeugenmaschine ist unser beliebtestes Ger\u00e4t in der Welt des Sports. Sie hat die Athleten, die auf ihr trainieren, st\u00e4rker, schneller und kraftvoller gemacht. Deshalb mussten wir eine Kniebeugenmaschine bauen, die den Anforderungen ihrer K\u00f6rpermasse und explosiven Kraft standh\u00e4lt.<\/p>\n","protected":false},"excerpt":{"rendered":"<p>Der A300 Squat Pro verf\u00fcgt \u00fcber alle Funktionen unserer Standard-A300 Kniebeugenmaschine, plus wir haben einen beweglichen Anschlag hinzugef\u00fcgt, um das Ein- und Aussteigen aus der Maschine zu erleichtern. Wir haben&hellip;<\/p>\n","protected":false},"featured_media":684,"comment_status":"open","ping_status":"closed","template":"","meta":{"_acf_changed":false},"product_brand":[],"product_cat":[30],"product_tag":[],"class_list":{"0":"post-232","1":"product","2":"type-product","3":"status-publish","4":"has-post-thumbnail","6":"product_cat-keiser-strength","8":"first","9":"instock","10":"shipping-taxable","11":"purchasable","12":"product-type-simple"},"acf":[],"_links":{"self":[{"href":"https:\/\/www.keiserfitness.ch\/en\/wp-json\/wp\/v2\/product\/232","targetHints":{"allow":["GET"]}}],"collection":[{"href":"https:\/\/www.keiserfitness.ch\/en\/wp-json\/wp\/v2\/product"}],"about":[{"href":"https:\/\/www.keiserfitness.ch\/en\/wp-json\/wp\/v2\/types\/product"}],"replies":[{"embeddable":true,"href":"https:\/\/www.keiserfitness.ch\/en\/wp-json\/wp\/v2\/comments?post=232"}],"wp:featuredmedia":[{"embeddable":true,"href":"https:\/\/www.keiserfitness.ch\/en\/wp-json\/wp\/v2\/media\/684"}],"wp:attachment":[{"href":"https:\/\/www.keiserfitness.ch\/en\/wp-json\/wp\/v2\/media?parent=232"}],"wp:term":[{"taxonomy":"product_brand","embeddable":true,"href":"https:\/\/www.keiserfitness.ch\/en\/wp-json\/wp\/v2\/product_brand?post=232"},{"taxonomy":"product_cat","embeddable":true,"href":"https:\/\/www.keiserfitness.ch\/en\/wp-json\/wp\/v2\/product_cat?post=232"},{"taxonomy":"product_tag","embeddable":true,"href":"https:\/\/www.keiserfitness.ch\/en\/wp-json\/wp\/v2\/product_tag?post=232"}],"curies":[{"name":"wp","href":"https:\/\/api.w.org\/{rel}","templated":true}]}}