{"id":235,"date":"2024-01-07T22:49:18","date_gmt":"2024-01-07T21:49:18","guid":{"rendered":"https:\/\/www.keiserfitness.ch\/produkt\/a300-squat\/"},"modified":"2024-01-16T16:56:34","modified_gmt":"2024-01-16T15:56:34","slug":"a300-squat","status":"publish","type":"product","link":"https:\/\/www.keiserfitness.ch\/en\/produkt\/a300-squat\/","title":{"rendered":"A300 Squat"},"content":{"rendered":"<p>Die A300 Kniebeugenmaschine war eine der ersten Maschinen, die Keiser entwickelt hat. Sie bleibt wegen ihrer F\u00e4higkeit, Kraft, Geschwindigkeit und Leistung mit sanftem Widerstand zu entwickeln, \u00e4u\u00dferst beliebt. Menschen jeden Alters und jeder F\u00e4higkeit k\u00f6nnen die A300 Kniebeugenmaschine nutzen, um ihre explosive Kraft zu entwickeln. Sie verf\u00fcgt \u00fcber selbstjustierende Schulterpolster, eine breite Basis und eine verstellbare untere Position, um Knieverletzungen vorzubeugen. Au\u00dferdem erm\u00f6glicht sie Athleten, die essentielle \u201eTriple Extension\u201c (eine vollst\u00e4ndige Streckung der H\u00fcften, Knie und Kn\u00f6chel) f\u00fcr Geschwindigkeit und Kraft zu trainieren.<\/p>\n","protected":false},"excerpt":{"rendered":"<p>Die A300 Kniebeugenmaschine war eine der ersten Maschinen, die Keiser entwickelt hat. Sie bleibt wegen ihrer F\u00e4higkeit, Kraft, Geschwindigkeit und Leistung mit sanftem Widerstand zu entwickeln, \u00e4u\u00dferst beliebt. Menschen jeden&hellip;<\/p>\n","protected":false},"featured_media":696,"comment_status":"open","ping_status":"closed","template":"","meta":{"_acf_changed":false},"product_brand":[],"product_cat":[30],"product_tag":[],"class_list":{"0":"post-235","1":"product","2":"type-product","3":"status-publish","4":"has-post-thumbnail","6":"product_cat-keiser-strength","8":"first","9":"instock","10":"shipping-taxable","11":"purchasable","12":"product-type-simple"},"acf":[],"_links":{"self":[{"href":"https:\/\/www.keiserfitness.ch\/en\/wp-json\/wp\/v2\/product\/235","targetHints":{"allow":["GET"]}}],"collection":[{"href":"https:\/\/www.keiserfitness.ch\/en\/wp-json\/wp\/v2\/product"}],"about":[{"href":"https:\/\/www.keiserfitness.ch\/en\/wp-json\/wp\/v2\/types\/product"}],"replies":[{"embeddable":true,"href":"https:\/\/www.keiserfitness.ch\/en\/wp-json\/wp\/v2\/comments?post=235"}],"wp:featuredmedia":[{"embeddable":true,"href":"https:\/\/www.keiserfitness.ch\/en\/wp-json\/wp\/v2\/media\/696"}],"wp:attachment":[{"href":"https:\/\/www.keiserfitness.ch\/en\/wp-json\/wp\/v2\/media?parent=235"}],"wp:term":[{"taxonomy":"product_brand","embeddable":true,"href":"https:\/\/www.keiserfitness.ch\/en\/wp-json\/wp\/v2\/product_brand?post=235"},{"taxonomy":"product_cat","embeddable":true,"href":"https:\/\/www.keiserfitness.ch\/en\/wp-json\/wp\/v2\/product_cat?post=235"},{"taxonomy":"product_tag","embeddable":true,"href":"https:\/\/www.keiserfitness.ch\/en\/wp-json\/wp\/v2\/product_tag?post=235"}],"curies":[{"name":"wp","href":"https:\/\/api.w.org\/{rel}","templated":true}]}}