{"id":238,"date":"2024-01-07T22:49:24","date_gmt":"2024-01-07T21:49:24","guid":{"rendered":"https:\/\/www.keiserfitness.ch\/produkt\/a300-runner\/"},"modified":"2024-01-16T16:57:59","modified_gmt":"2024-01-16T15:57:59","slug":"a300-runner","status":"publish","type":"product","link":"https:\/\/www.keiserfitness.ch\/en\/produkt\/a300-runner\/","title":{"rendered":"A300 Runner"},"content":{"rendered":"<div class=\"flex flex-grow flex-col max-w-full\">\n<div class=\"min-h-[20px] text-message flex flex-col items-start gap-3 whitespace-pre-wrap break-words [.text-message+&amp;]:mt-5 overflow-x-auto\" data-message-author-role=\"assistant\" data-message-id=\"38396fbb-f5f8-4a29-a748-569696d294d2\">\n<div class=\"markdown prose w-full break-words dark:prose-invert dark\">\n<p>Der Runner versetzt Sie in eine Position, die die Beschleunigungsphase eines Sprints simuliert. Professionelle Athleten weltweit nutzen den A300 Runner, um Beschleunigung, Geschwindigkeit und Ausdauerleistung zu trainieren. Dieses Ger\u00e4t verwendet Keisers innovative Design mit niedriger Tr\u00e4gheit, um die Leistung und Leistungsf\u00e4higkeit jeder Person, die einen Wettbewerbsvorteil sucht, zu verbessern.<\/p>\n<\/div>\n<\/div>\n<\/div>\n","protected":false},"excerpt":{"rendered":"<p>Der Runner versetzt Sie in eine Position, die die Beschleunigungsphase eines Sprints simuliert. Professionelle Athleten weltweit nutzen den A300 Runner, um Beschleunigung, Geschwindigkeit und Ausdauerleistung zu trainieren. Dieses Ger\u00e4t verwendet&hellip;<\/p>\n","protected":false},"featured_media":700,"comment_status":"open","ping_status":"closed","template":"","meta":{"_acf_changed":false},"product_brand":[],"product_cat":[30],"product_tag":[],"class_list":{"0":"post-238","1":"product","2":"type-product","3":"status-publish","4":"has-post-thumbnail","6":"product_cat-keiser-strength","8":"first","9":"instock","10":"shipping-taxable","11":"product-type-simple"},"acf":[],"_links":{"self":[{"href":"https:\/\/www.keiserfitness.ch\/en\/wp-json\/wp\/v2\/product\/238","targetHints":{"allow":["GET"]}}],"collection":[{"href":"https:\/\/www.keiserfitness.ch\/en\/wp-json\/wp\/v2\/product"}],"about":[{"href":"https:\/\/www.keiserfitness.ch\/en\/wp-json\/wp\/v2\/types\/product"}],"replies":[{"embeddable":true,"href":"https:\/\/www.keiserfitness.ch\/en\/wp-json\/wp\/v2\/comments?post=238"}],"wp:featuredmedia":[{"embeddable":true,"href":"https:\/\/www.keiserfitness.ch\/en\/wp-json\/wp\/v2\/media\/700"}],"wp:attachment":[{"href":"https:\/\/www.keiserfitness.ch\/en\/wp-json\/wp\/v2\/media?parent=238"}],"wp:term":[{"taxonomy":"product_brand","embeddable":true,"href":"https:\/\/www.keiserfitness.ch\/en\/wp-json\/wp\/v2\/product_brand?post=238"},{"taxonomy":"product_cat","embeddable":true,"href":"https:\/\/www.keiserfitness.ch\/en\/wp-json\/wp\/v2\/product_cat?post=238"},{"taxonomy":"product_tag","embeddable":true,"href":"https:\/\/www.keiserfitness.ch\/en\/wp-json\/wp\/v2\/product_tag?post=238"}],"curies":[{"name":"wp","href":"https:\/\/api.w.org\/{rel}","templated":true}]}}