{"id":241,"date":"2024-01-07T22:49:31","date_gmt":"2024-01-07T21:49:31","guid":{"rendered":"https:\/\/www.keiserfitness.ch\/produkt\/a300-leg-press\/"},"modified":"2024-01-16T16:59:14","modified_gmt":"2024-01-16T15:59:14","slug":"a300-leg-press","status":"publish","type":"product","link":"https:\/\/www.keiserfitness.ch\/en\/produkt\/a300-leg-press\/","title":{"rendered":"A300 Leg Press"},"content":{"rendered":"<p>Der A300 Leg Press wurde mit einer h\u00f6heren Fu\u00dfplatte entworfen, um die H\u00fcftbeugung zu erh\u00f6hen und die Kniebeugung zu verringern. Dies maximiert die Aktivierung der Ges\u00e4\u00dfmuskulatur, indem sie zu Beginn der Bewegung st\u00e4rker beansprucht werden. Die verringerte Kniebeugung reduziert Scherkr\u00e4fte und erh\u00e4lt so die Gesundheit Ihrer Knie. Die getrennten Fu\u00dfplatten erm\u00f6glichen es Ihnen, jedes Bein unabh\u00e4ngig zu trainieren, so wie wir funktionieren.<\/p>\n","protected":false},"excerpt":{"rendered":"<p>Der A300 Leg Press wurde mit einer h\u00f6heren Fu\u00dfplatte entworfen, um die H\u00fcftbeugung zu erh\u00f6hen und die Kniebeugung zu verringern. Dies maximiert die Aktivierung der Ges\u00e4\u00dfmuskulatur, indem sie zu Beginn&hellip;<\/p>\n","protected":false},"featured_media":712,"comment_status":"open","ping_status":"closed","template":"","meta":{"_acf_changed":false},"product_brand":[],"product_cat":[30],"product_tag":[],"class_list":{"0":"post-241","1":"product","2":"type-product","3":"status-publish","4":"has-post-thumbnail","6":"product_cat-keiser-strength","8":"first","9":"instock","10":"shipping-taxable","11":"purchasable","12":"product-type-simple"},"acf":[],"_links":{"self":[{"href":"https:\/\/www.keiserfitness.ch\/en\/wp-json\/wp\/v2\/product\/241","targetHints":{"allow":["GET"]}}],"collection":[{"href":"https:\/\/www.keiserfitness.ch\/en\/wp-json\/wp\/v2\/product"}],"about":[{"href":"https:\/\/www.keiserfitness.ch\/en\/wp-json\/wp\/v2\/types\/product"}],"replies":[{"embeddable":true,"href":"https:\/\/www.keiserfitness.ch\/en\/wp-json\/wp\/v2\/comments?post=241"}],"wp:featuredmedia":[{"embeddable":true,"href":"https:\/\/www.keiserfitness.ch\/en\/wp-json\/wp\/v2\/media\/712"}],"wp:attachment":[{"href":"https:\/\/www.keiserfitness.ch\/en\/wp-json\/wp\/v2\/media?parent=241"}],"wp:term":[{"taxonomy":"product_brand","embeddable":true,"href":"https:\/\/www.keiserfitness.ch\/en\/wp-json\/wp\/v2\/product_brand?post=241"},{"taxonomy":"product_cat","embeddable":true,"href":"https:\/\/www.keiserfitness.ch\/en\/wp-json\/wp\/v2\/product_cat?post=241"},{"taxonomy":"product_tag","embeddable":true,"href":"https:\/\/www.keiserfitness.ch\/en\/wp-json\/wp\/v2\/product_tag?post=241"}],"curies":[{"name":"wp","href":"https:\/\/api.w.org\/{rel}","templated":true}]}}