{"id":244,"date":"2024-01-07T22:49:37","date_gmt":"2024-01-07T21:49:37","guid":{"rendered":"https:\/\/www.keiserfitness.ch\/produkt\/a250-lower-back\/"},"modified":"2024-01-16T17:00:25","modified_gmt":"2024-01-16T16:00:25","slug":"a250-lower-back","status":"publish","type":"product","link":"https:\/\/www.keiserfitness.ch\/en\/produkt\/a250-lower-back\/","title":{"rendered":"A250 Lower Back"},"content":{"rendered":"<p>Keisers A250 Lower Back unterscheidet sich von allen seinen Konkurrenten auf dem Markt. Es konzentriert sich nicht nur auf den Muskelaufbau, sondern auch auf deren Schutz. Im Gegensatz zu herk\u00f6mmlichen Maschinen, die Eisen verwenden, bietet das niedriginertiale Design des A250 Lower Back einen sanften Widerstand. Dies kann helfen, Gelenke und Bindegewebe vor Sto\u00dfbelastungen zu sch\u00fctzen. Das Ergebnis ist ein sichereres Training. Und es ist perfekt f\u00fcr Menschen jeden Fitnesslevels &#8211; von \u00e4lteren Erwachsenen bis hin zu Eliteathleten.<\/p>\n","protected":false},"excerpt":{"rendered":"<p>Keisers A250 Lower Back unterscheidet sich von allen seinen Konkurrenten auf dem Markt. Es konzentriert sich nicht nur auf den Muskelaufbau, sondern auch auf deren Schutz. Im Gegensatz zu herk\u00f6mmlichen&hellip;<\/p>\n","protected":false},"featured_media":724,"comment_status":"open","ping_status":"closed","template":"","meta":{"_acf_changed":false},"product_brand":[],"product_cat":[30],"product_tag":[],"class_list":{"0":"post-244","1":"product","2":"type-product","3":"status-publish","4":"has-post-thumbnail","6":"product_cat-keiser-strength","8":"first","9":"instock","10":"shipping-taxable","11":"purchasable","12":"product-type-simple"},"acf":[],"_links":{"self":[{"href":"https:\/\/www.keiserfitness.ch\/en\/wp-json\/wp\/v2\/product\/244","targetHints":{"allow":["GET"]}}],"collection":[{"href":"https:\/\/www.keiserfitness.ch\/en\/wp-json\/wp\/v2\/product"}],"about":[{"href":"https:\/\/www.keiserfitness.ch\/en\/wp-json\/wp\/v2\/types\/product"}],"replies":[{"embeddable":true,"href":"https:\/\/www.keiserfitness.ch\/en\/wp-json\/wp\/v2\/comments?post=244"}],"wp:featuredmedia":[{"embeddable":true,"href":"https:\/\/www.keiserfitness.ch\/en\/wp-json\/wp\/v2\/media\/724"}],"wp:attachment":[{"href":"https:\/\/www.keiserfitness.ch\/en\/wp-json\/wp\/v2\/media?parent=244"}],"wp:term":[{"taxonomy":"product_brand","embeddable":true,"href":"https:\/\/www.keiserfitness.ch\/en\/wp-json\/wp\/v2\/product_brand?post=244"},{"taxonomy":"product_cat","embeddable":true,"href":"https:\/\/www.keiserfitness.ch\/en\/wp-json\/wp\/v2\/product_cat?post=244"},{"taxonomy":"product_tag","embeddable":true,"href":"https:\/\/www.keiserfitness.ch\/en\/wp-json\/wp\/v2\/product_tag?post=244"}],"curies":[{"name":"wp","href":"https:\/\/api.w.org\/{rel}","templated":true}]}}