{"id":36,"date":"2023-12-17T18:19:33","date_gmt":"2023-12-17T17:19:33","guid":{"rendered":"https:\/\/www.keiserfitness.ch\/?post_type=product&#038;p=36"},"modified":"2024-07-22T01:45:10","modified_gmt":"2024-07-21T23:45:10","slug":"keiser-m3i-total-body-trainer","status":"publish","type":"product","link":"https:\/\/www.keiserfitness.ch\/en\/produkt\/keiser-m3i-total-body-trainer\/","title":{"rendered":"Keiser M3i Total Body Trainer"},"content":{"rendered":"<h2>Der M3i Total Body Trainer \u2013 die neueste Erg\u00e4nzung der Cardio-M-Serie von Keiser<\/h2>\n<p>Der Total Body Trainer\u00a0bietet dem Benutzer ein beispielloses Erlebnis. Der M3i bietet dasselbe leichtg\u00e4ngige Magnetwiderstandssystem wie das M3i Indoor Bike. Perfekt f\u00fcr diejenigen, die ein Ganzk\u00f6rpertraining w\u00fcnschen oder den Ober- oder Unterk\u00f6rper separat trainieren m\u00f6chten.<\/p>\n<p>Die Vorteile des\u00a0Total Body Trainer auf einen Blick:<\/p>\n<ul>\n<li>\u00a0\u00a0\u00a0 V-f\u00f6rmiger Rahmen f\u00fcr Benutzer aller K\u00f6rperformen und -gr\u00f6ssen<\/li>\n<li>\u00a0\u00a0\u00a0 Magnetwiderstand f\u00fcr sanftes und leises Training<\/li>\n<li>\u00a0\u00a0\u00a0 Stufenlose Widerstandseinstellung<\/li>\n<li>\u00a0\u00a0\u00a0 Schwungrad hinten zum Schutz vor Schweiss und Korrosion<\/li>\n<li>\u00a0\u00a0\u00a0 Transportr\u00e4der f\u00fcr einfachen Transport<\/li>\n<li>\u00a0\u00a0\u00a0 Selbstspannender, wartungsarmer Poly-V-Riemenantrieb f\u00fcr hohe Zuverl\u00e4ssigkeit und geringen Wartungsaufwand<\/li>\n<li>\u00a0\u00a0\u00a0 Intuitive, klare und \u00fcbersichtliche Konsole mit Trittfrequenz, Leistung, kcal, Herzfrequenz, Fahrzeit, Kilometerz\u00e4hler, Fahrstrecke und Beschleunigung auf einem Bildschirm<\/li>\n<li>\u00a0\u00a0\u00a0 Keiser Integrated Technology mit Bluetooth-Konnektivit\u00e4t zur Aufzeichnung und Verfolgung des Trainingsfortschritts mithilfe der Apps der M-Serie<\/li>\n<li>\u00a0\u00a0\u00a0 Robuste Einstellkn\u00f6pfe, die weniger Wartung erfordern als Camlock-Schl\u00f6sser<\/li>\n<li>\u00a0\u00a0\u00a0 Vierfach verstellbarer Sattel<\/li>\n<li>\u00a0\u00a0\u00a0 Inklusive Stretchpads und Flaschenhalter<\/li>\n<\/ul>\n","protected":false},"excerpt":{"rendered":"<p>Der KEISER M3i Total Body Trainer bietet dem Benutzer ein beispielloses Erlebnis. Der M3i bietet dasselbe leichtg\u00e4ngige Magnetwiderstandssystem wie das M3i Indoor Bike. Perfekt f\u00fcr diejenigen, die ein Ganzk\u00f6rpertraining w\u00fcnschen oder den Ober- oder Unterk\u00f6rper separat trainieren m\u00f6chten.<\/p>\n","protected":false},"featured_media":109,"comment_status":"closed","ping_status":"closed","template":"","meta":{"_acf_changed":false},"product_brand":[],"product_cat":[27,16],"product_tag":[],"class_list":{"0":"post-36","1":"product","2":"type-product","3":"status-publish","4":"has-post-thumbnail","6":"product_cat-keiser-cardio","7":"product_cat-unkategorisiert","9":"first","10":"instock","11":"shipping-taxable","12":"purchasable","13":"product-type-simple"},"acf":[],"_links":{"self":[{"href":"https:\/\/www.keiserfitness.ch\/en\/wp-json\/wp\/v2\/product\/36","targetHints":{"allow":["GET"]}}],"collection":[{"href":"https:\/\/www.keiserfitness.ch\/en\/wp-json\/wp\/v2\/product"}],"about":[{"href":"https:\/\/www.keiserfitness.ch\/en\/wp-json\/wp\/v2\/types\/product"}],"replies":[{"embeddable":true,"href":"https:\/\/www.keiserfitness.ch\/en\/wp-json\/wp\/v2\/comments?post=36"}],"wp:featuredmedia":[{"embeddable":true,"href":"https:\/\/www.keiserfitness.ch\/en\/wp-json\/wp\/v2\/media\/109"}],"wp:attachment":[{"href":"https:\/\/www.keiserfitness.ch\/en\/wp-json\/wp\/v2\/media?parent=36"}],"wp:term":[{"taxonomy":"product_brand","embeddable":true,"href":"https:\/\/www.keiserfitness.ch\/en\/wp-json\/wp\/v2\/product_brand?post=36"},{"taxonomy":"product_cat","embeddable":true,"href":"https:\/\/www.keiserfitness.ch\/en\/wp-json\/wp\/v2\/product_cat?post=36"},{"taxonomy":"product_tag","embeddable":true,"href":"https:\/\/www.keiserfitness.ch\/en\/wp-json\/wp\/v2\/product_tag?post=36"}],"curies":[{"name":"wp","href":"https:\/\/api.w.org\/{rel}","templated":true}]}}