{"id":943,"date":"2025-03-28T15:40:09","date_gmt":"2025-03-28T14:40:09","guid":{"rendered":"https:\/\/www.keiserfitness.ch\/?post_type=product&#038;p=943"},"modified":"2025-03-28T15:44:11","modified_gmt":"2025-03-28T14:44:11","slug":"functional-trainer","status":"publish","type":"product","link":"https:\/\/www.keiserfitness.ch\/en\/produkt\/functional-trainer\/","title":{"rendered":"Functional Trainer"},"content":{"rendered":"<p>Die Keiser Infinity-Serie ist das weltweit erste Seilzugsystem, das mit Luftdruck betrieben wird. Dieser Functional Trainer wurde so konstruiert, dass das Training bei jeder gew\u00fcnschten Geschwindigkeit, in nahezu jedem Winkel und in jede Richtung erm\u00f6glicht. Das Training ausserhalb eines geschlossenen Kreislaufs verbessert auch das Gleichgewicht und die Stabilit\u00e4t. Der Functional Trainer ist ein Seilzugsystem, das endlose \u00dcbungen erm\u00f6glicht. Durch separates Einstellen der Arme von oben nach unten kann der gesamte K\u00f6rper mit diesem einen Ger\u00e4t trainiert werden. Das Zubeh\u00f6r des Infinity Kits erm\u00f6glicht alle funktionellen Bewegungen und \u00dcbungen. Egal, ob es sich um Rehabilitation, allgemeine Fitness oder funktionelles (Top-) Sporttraining handelt, dies ist das perfekte Ger\u00e4t f\u00fcr alle Zwecke. Du kannst dieses Ger\u00e4t f\u00fcr Zuhause nutzen, sodass Du mithilfe von Online-Streaming und zahlreichen Beispielvideos ein vollst\u00e4ndiges Training in Deiner eigenen Umgebung durchf\u00fchren kannst.<\/p>\n<h2>Die Vorteile des Functional Trainer im \u00dcberblick:<\/h2>\n<ul>\n<li>Volle Kontrolle \u00fcber das Widerstandsniveaus, beginnend mit 0,1 kg, in 100 Gramm Schritten steigerbar<\/li>\n<li>Konstanter pneumatischer Widerstand zur Reduzierung der Stossbelastung auf Bindegewebe und Gelenke<\/li>\n<li>Vielseitigkeit, die es Dir erm\u00f6glicht, Dein Training individuell anzupassen<\/li>\n<li>Unbegrenzte Trainingsm\u00f6glichkeiten \u2013 jeder Widerstand, jeder Winkel, jede Geschwindigkeit<\/li>\n<li>Platzsparend<\/li>\n<\/ul>\n","protected":false},"excerpt":{"rendered":"<p>Die Keiser Infinity-Serie ist das weltweit erste Seilzugsystem, das mit Luftdruck betrieben wird. Dieser Functional Trainer wurde so konstruiert, dass das Training bei jeder gew\u00fcnschten Geschwindigkeit, in nahezu jedem Winkel&hellip;<\/p>\n","protected":false},"featured_media":944,"comment_status":"open","ping_status":"closed","template":"","meta":{"_acf_changed":false},"product_brand":[],"product_cat":[28],"product_tag":[],"class_list":{"0":"post-943","1":"product","2":"type-product","3":"status-publish","4":"has-post-thumbnail","6":"product_cat-keiser-functional","8":"first","9":"instock","10":"shipping-taxable","11":"product-type-simple"},"acf":[],"_links":{"self":[{"href":"https:\/\/www.keiserfitness.ch\/en\/wp-json\/wp\/v2\/product\/943","targetHints":{"allow":["GET"]}}],"collection":[{"href":"https:\/\/www.keiserfitness.ch\/en\/wp-json\/wp\/v2\/product"}],"about":[{"href":"https:\/\/www.keiserfitness.ch\/en\/wp-json\/wp\/v2\/types\/product"}],"replies":[{"embeddable":true,"href":"https:\/\/www.keiserfitness.ch\/en\/wp-json\/wp\/v2\/comments?post=943"}],"wp:featuredmedia":[{"embeddable":true,"href":"https:\/\/www.keiserfitness.ch\/en\/wp-json\/wp\/v2\/media\/944"}],"wp:attachment":[{"href":"https:\/\/www.keiserfitness.ch\/en\/wp-json\/wp\/v2\/media?parent=943"}],"wp:term":[{"taxonomy":"product_brand","embeddable":true,"href":"https:\/\/www.keiserfitness.ch\/en\/wp-json\/wp\/v2\/product_brand?post=943"},{"taxonomy":"product_cat","embeddable":true,"href":"https:\/\/www.keiserfitness.ch\/en\/wp-json\/wp\/v2\/product_cat?post=943"},{"taxonomy":"product_tag","embeddable":true,"href":"https:\/\/www.keiserfitness.ch\/en\/wp-json\/wp\/v2\/product_tag?post=943"}],"curies":[{"name":"wp","href":"https:\/\/api.w.org\/{rel}","templated":true}]}}